{"id":774,"date":"2012-02-09T16:15:54","date_gmt":"2012-02-09T15:15:54","guid":{"rendered":"http:\/\/chezyenorxois.fr\/mairie\/?page_id=774"},"modified":"2025-07-31T14:02:46","modified_gmt":"2025-07-31T12:02:46","slug":"le-comite-des-fetes","status":"publish","type":"page","link":"http:\/\/chezyenorxois.fr\/mairie\/la-vie-des-cahouzats\/le-comite-des-fetes\/","title":{"rendered":"Le comit\u00e9 des f\u00eates"},"content":{"rendered":"\n<h2 class=\"wp-block-heading\">Sortie \u00e0 Mers-les-Bains : une belle journ\u00e9e en costume d\u2019\u00e9poque<\/h2>\n\n\n\n<p>Ce samedi 26 juillet 2025, le comit\u00e9 des f\u00eates de Ch\u00e9zy-en-Orxois a organis\u00e9 une sortie \u00e0 Mers-les-Bains \u00e0 l\u2019occasion de la c\u00e9l\u00e8bre F\u00eate des Baigneurs. Nous \u00e9tions 34 participants \u00e0 prendre le d\u00e9part d\u00e8s 6h00, dans une ambiance joyeuse et conviviale.<\/p>\n\n\n\n<p>Arriv\u00e9s vers 10h00 sous un beau soleil, chacun a pu profiter librement des nombreuses animations propos\u00e9es : d\u00e9fil\u00e9s en costumes Belle \u00c9poque, concerts, expositions, <a><\/a>march\u00e9 r\u00e9tro et bal populaire. Les tenues d\u2019\u00e9poque port\u00e9es par les visiteurs ont ajout\u00e9 une touche d\u2019\u00e9l\u00e9gance et de charme \u00e0 cette journ\u00e9e hors du temps.<\/p>\n\n\n\n<p>Le retour s\u2019est fait dans la bonne humeur, avec de beaux souvenirs et des photos plein les yeux. Une sortie r\u00e9ussie, vivement la prochaine !<\/p>\n\n\n\n<div class=\"wp-block-group\"><div class=\"wp-block-group__inner-container is-layout-constrained wp-block-group-is-layout-constrained\">\n<figure class=\"wp-block-image size-large\"><img loading=\"lazy\" decoding=\"async\" width=\"1024\" height=\"768\" src=\"http:\/\/chezyenorxois.fr\/mairie\/wp-content\/uploads\/2025\/07\/524621912_10231036602003902_1095804517819400750_n-1024x768.jpg\" alt=\"\" class=\"wp-image-4448\" srcset=\"http:\/\/chezyenorxois.fr\/mairie\/wp-content\/uploads\/2025\/07\/524621912_10231036602003902_1095804517819400750_n-1024x768.jpg 1024w, http:\/\/chezyenorxois.fr\/mairie\/wp-content\/uploads\/2025\/07\/524621912_10231036602003902_1095804517819400750_n-150x113.jpg 150w, http:\/\/chezyenorxois.fr\/mairie\/wp-content\/uploads\/2025\/07\/524621912_10231036602003902_1095804517819400750_n-300x225.jpg 300w, http:\/\/chezyenorxois.fr\/mairie\/wp-content\/uploads\/2025\/07\/524621912_10231036602003902_1095804517819400750_n-768x576.jpg 768w, http:\/\/chezyenorxois.fr\/mairie\/wp-content\/uploads\/2025\/07\/524621912_10231036602003902_1095804517819400750_n.jpg 2040w\" sizes=\"auto, (max-width: 1024px) 100vw, 1024px\" \/><\/figure>\n<\/div><\/div>\n\n\n\n<h2 class=\"wp-block-heading\">\u00ab\u00a0Sortie \u00e0 Berck &#8211; 36 \u00e8me Rencontre Internationale des Cerfs-Volants\u00a0\u00bb<\/h2>\n\n\n\n<p> Le vingt-deux avril 2023, le Comit\u00e9 des f\u00eates du village a organis\u00e9 une sortie pour les amateurs de cerfs-volants. Les participants ont eu la chance de se rendre \u00e0 Berck, une ville situ\u00e9e sur la c\u00f4te nord de la France, pour assister \u00e0 la 36\u00e8me Rencontre Internationale de cerfs-volants.<\/p>\n\n\n\n<p> Ce festival, qui est l&rsquo;un des plus grands \u00e9v\u00e9nements de cerfs-volants en Europe, il attire des professionnels et des passionn\u00e9s de tous les horizons. Le ciel se remplit de cerfs-volants de toutes les tailles, formes et couleurs.<\/p>\n\n\n\n<p> Le Comit\u00e9 des f\u00eates du village a propos\u00e9 cette sortie dans le but de cr\u00e9er une journ\u00e9e de divertissement et de d\u00e9couverte pour les habitants. <\/p>\n\n\n\n<p> Au d\u00e9part de la sortie, le ciel \u00e9tait couvert et le temps pluvieux. Mais au fur et \u00e0 mesure que nous nous rapprochions de Berck, le soleil a commenc\u00e9 \u00e0 briller et les nuages ont disparu, laissant place \u00e0 une magnifique journ\u00e9e ensoleill\u00e9e.<\/p>\n\n\n\n<p>\nUne\nfois arriv\u00e9s sur site, nous avons d\u00e9couvert des emplacements\nremplis de couleurs, o\u00f9 des passionn\u00e9es de cerfs-volants venaient\nde partout pour exposer leurs cr\u00e9ations et d\u00e9fier le vent. Il y\navait des cerfs-volants de toutes les formes et de toutes les\ntailles, des plus petits aux plus grands, mais aussi des\ncerfs-volants en forme d&rsquo;animaux, d&rsquo;objets, de h\u00e9ros de fiction.<\/p>\n\n\n\n<p> Nous avons pass\u00e9 une merveilleuse apr\u00e8s-midi en admirant les cerfs-volants et en discutant avec les autres visiteurs.<\/p>\n\n\n\n<p> Le festival de cerfs-volants de Berck a \u00e9t\u00e9 un v\u00e9ritable spectacle pour les yeux et une exp\u00e9rience enrichissante pour tous les habitants. <\/p>\n\n\n\n<figure class=\"wp-block-image alignfull\"><img loading=\"lazy\" decoding=\"async\" width=\"1024\" height=\"576\" src=\"http:\/\/chezyenorxois.fr\/mairie\/wp-content\/uploads\/2023\/06\/20230422_195900-1024x576.jpg\" alt=\"\" class=\"wp-image-4191\" srcset=\"http:\/\/chezyenorxois.fr\/mairie\/wp-content\/uploads\/2023\/06\/20230422_195900-1024x576.jpg 1024w, http:\/\/chezyenorxois.fr\/mairie\/wp-content\/uploads\/2023\/06\/20230422_195900-150x84.jpg 150w, http:\/\/chezyenorxois.fr\/mairie\/wp-content\/uploads\/2023\/06\/20230422_195900-300x169.jpg 300w, http:\/\/chezyenorxois.fr\/mairie\/wp-content\/uploads\/2023\/06\/20230422_195900-768x432.jpg 768w\" sizes=\"auto, (max-width: 1024px) 100vw, 1024px\" \/><\/figure>\n\n\n\n<figure class=\"wp-block-image alignfull\"><img loading=\"lazy\" decoding=\"async\" width=\"1024\" height=\"485\" src=\"http:\/\/chezyenorxois.fr\/mairie\/wp-content\/uploads\/2023\/06\/20230422_152013-1024x485.jpg\" alt=\"\" class=\"wp-image-4190\" srcset=\"http:\/\/chezyenorxois.fr\/mairie\/wp-content\/uploads\/2023\/06\/20230422_152013-1024x485.jpg 1024w, http:\/\/chezyenorxois.fr\/mairie\/wp-content\/uploads\/2023\/06\/20230422_152013-150x71.jpg 150w, http:\/\/chezyenorxois.fr\/mairie\/wp-content\/uploads\/2023\/06\/20230422_152013-300x142.jpg 300w, http:\/\/chezyenorxois.fr\/mairie\/wp-content\/uploads\/2023\/06\/20230422_152013-768x363.jpg 768w\" sizes=\"auto, (max-width: 1024px) 100vw, 1024px\" \/><\/figure>\n\n\n\n<figure class=\"wp-block-image\"><img loading=\"lazy\" decoding=\"async\" width=\"485\" height=\"1024\" src=\"http:\/\/chezyenorxois.fr\/mairie\/wp-content\/uploads\/2023\/06\/20230422_115605-e1686062635985-485x1024.jpg\" alt=\"\" class=\"wp-image-4189\" srcset=\"http:\/\/chezyenorxois.fr\/mairie\/wp-content\/uploads\/2023\/06\/20230422_115605-e1686062635985-485x1024.jpg 485w, http:\/\/chezyenorxois.fr\/mairie\/wp-content\/uploads\/2023\/06\/20230422_115605-e1686062635985-71x150.jpg 71w, http:\/\/chezyenorxois.fr\/mairie\/wp-content\/uploads\/2023\/06\/20230422_115605-e1686062635985-142x300.jpg 142w, http:\/\/chezyenorxois.fr\/mairie\/wp-content\/uploads\/2023\/06\/20230422_115605-e1686062635985-768x1623.jpg 768w, http:\/\/chezyenorxois.fr\/mairie\/wp-content\/uploads\/2023\/06\/20230422_115605-e1686062635985.jpg 1908w\" sizes=\"auto, (max-width: 485px) 100vw, 485px\" \/><\/figure>\n","protected":false},"excerpt":{"rendered":"<p>Sortie \u00e0 Mers-les-Bains : une belle journ\u00e9e en costume d\u2019\u00e9poque Ce samedi 26 juillet 2025, le comit\u00e9 des f\u00eates de Ch\u00e9zy-en-Orxois a organis\u00e9 une sortie \u00e0 Mers-les-Bains \u00e0 l\u2019occasion de la c\u00e9l\u00e8bre F\u00eate des Baigneurs. Nous \u00e9tions 34 participants \u00e0 <a class=\"more-link\" href=\"http:\/\/chezyenorxois.fr\/mairie\/la-vie-des-cahouzats\/le-comite-des-fetes\/\">Continuer la lecture <span class=\"screen-reader-text\">  Le comit\u00e9 des f\u00eates<\/span><span class=\"meta-nav\">&rarr;<\/span><\/a><\/p>\n","protected":false},"author":4,"featured_media":0,"parent":41,"menu_order":1,"comment_status":"closed","ping_status":"closed","template":"","meta":{"footnotes":""},"class_list":["post-774","page","type-page","status-publish","hentry"],"_links":{"self":[{"href":"http:\/\/chezyenorxois.fr\/mairie\/wp-json\/wp\/v2\/pages\/774","targetHints":{"allow":["GET"]}}],"collection":[{"href":"http:\/\/chezyenorxois.fr\/mairie\/wp-json\/wp\/v2\/pages"}],"about":[{"href":"http:\/\/chezyenorxois.fr\/mairie\/wp-json\/wp\/v2\/types\/page"}],"author":[{"embeddable":true,"href":"http:\/\/chezyenorxois.fr\/mairie\/wp-json\/wp\/v2\/users\/4"}],"replies":[{"embeddable":true,"href":"http:\/\/chezyenorxois.fr\/mairie\/wp-json\/wp\/v2\/comments?post=774"}],"version-history":[{"count":38,"href":"http:\/\/chezyenorxois.fr\/mairie\/wp-json\/wp\/v2\/pages\/774\/revisions"}],"predecessor-version":[{"id":4463,"href":"http:\/\/chezyenorxois.fr\/mairie\/wp-json\/wp\/v2\/pages\/774\/revisions\/4463"}],"up":[{"embeddable":true,"href":"http:\/\/chezyenorxois.fr\/mairie\/wp-json\/wp\/v2\/pages\/41"}],"wp:attachment":[{"href":"http:\/\/chezyenorxois.fr\/mairie\/wp-json\/wp\/v2\/media?parent=774"}],"curies":[{"name":"wp","href":"https:\/\/api.w.org\/{rel}","templated":true}]}}