{"id":446,"date":"2011-12-16T14:11:00","date_gmt":"2011-12-16T13:11:00","guid":{"rendered":"http:\/\/chezyenorxois.fr\/mairie\/?page_id=446"},"modified":"2023-06-13T16:02:02","modified_gmt":"2023-06-13T14:02:02","slug":"les-commissions-de-travail","status":"publish","type":"page","link":"http:\/\/chezyenorxois.fr\/mairie\/la-mairie\/les-commissions-de-travail\/","title":{"rendered":"Les commissions de travail"},"content":{"rendered":"<h2><span style=\"color: #993300;\">Composition des diff\u00e9rentes commissions<\/span><\/h2>\n<p><strong><span style=\"color: #993300;\">TRAVAUX<\/span><br \/>\n<\/strong>Maryvonne BARBIER, Gilles CARON, Jos\u00e9 DE MIRANDA, C\u00e9dric THIROUIN, Gr\u00e9gory POURTOUT, Fabien VAN BELLEGHEM, Florian WADDINGTON.<\/p>\n<p><strong><span style=\"color: #993300;\">BOIS-CHASSE<\/span><br \/>\n<\/strong><\/p>\n<p><span style=\"color: #993300;\"><strong> SER<\/strong> <strong>(Syndicat des Ecoles Regroup\u00e9es), Ch\u00e9zy- Dammard &#8211; Monnes.<\/strong><\/span><br \/>\nVincent RICHARDOT.<\/p>\n<p><strong><span style=\"color: #993300;\">D\u00c9L\u00c9GU\u00c9S AU SYNDICAT DE FONCTIONNEMENT DU COLL\u00c8GE DE NEUILLY St FRONT.<\/span><br \/>\n<\/strong>Fran\u00e7oise POTEL, Brigitte FERNANDES.<\/p>\n<p><span style=\"color: #993300;\"><strong> USEDA<\/strong> (Union des Secteurs d\u2019Energie du D\u00e9partement de l\u2019Aisne)<\/span><br \/>\nGr\u00e9gory POURTOUT, C\u00e9dric THIROUIN.<\/p>\n<p><span style=\"color: #993300;\"><strong> USESA<\/strong> (Union des Syndicats des Eaux du Sud de l\u2019Aisne)<\/span><\/p>\n<p><strong><span style=\"color: #993300;\">INFORMATION-COMMUNICATION<\/span><br \/>\n<\/strong>(JOURNAL, COMPTES RENDUS DES CONSEILS MUNICIPAUX, SITE INTERNET) :<br \/>\nMaryvonne BARBIER, Vincent RICHARDOT,\u00a0 Fran\u00e7oise POTEL, Elodie BEAUGIER\u00a0.<\/p>\n<p>Vous pouvez acc\u00e9der \u00e0 l&rsquo;ensemble des journaux archiv\u00e9s <a href=\"http:\/\/chezyenorxois.fr\/mairie\/256-2\/\">ICI<\/a><\/p>\n","protected":false},"excerpt":{"rendered":"<p>Composition des diff\u00e9rentes commissions TRAVAUX Maryvonne BARBIER, Gilles CARON, Jos\u00e9 DE MIRANDA, C\u00e9dric THIROUIN, Gr\u00e9gory POURTOUT, Fabien VAN BELLEGHEM, Florian WADDINGTON. BOIS-CHASSE SER (Syndicat des Ecoles Regroup\u00e9es), Ch\u00e9zy- Dammard &#8211; Monnes. Vincent RICHARDOT. D\u00c9L\u00c9GU\u00c9S AU SYNDICAT DE FONCTIONNEMENT DU COLL\u00c8GE <a class=\"more-link\" href=\"http:\/\/chezyenorxois.fr\/mairie\/la-mairie\/les-commissions-de-travail\/\">Continuer la lecture <span class=\"screen-reader-text\">  Les commissions de travail<\/span><span class=\"meta-nav\">&rarr;<\/span><\/a><\/p>\n","protected":false},"author":1,"featured_media":0,"parent":122,"menu_order":1,"comment_status":"closed","ping_status":"closed","template":"","meta":{"footnotes":""},"class_list":["post-446","page","type-page","status-publish","hentry"],"_links":{"self":[{"href":"http:\/\/chezyenorxois.fr\/mairie\/wp-json\/wp\/v2\/pages\/446","targetHints":{"allow":["GET"]}}],"collection":[{"href":"http:\/\/chezyenorxois.fr\/mairie\/wp-json\/wp\/v2\/pages"}],"about":[{"href":"http:\/\/chezyenorxois.fr\/mairie\/wp-json\/wp\/v2\/types\/page"}],"author":[{"embeddable":true,"href":"http:\/\/chezyenorxois.fr\/mairie\/wp-json\/wp\/v2\/users\/1"}],"replies":[{"embeddable":true,"href":"http:\/\/chezyenorxois.fr\/mairie\/wp-json\/wp\/v2\/comments?post=446"}],"version-history":[{"count":23,"href":"http:\/\/chezyenorxois.fr\/mairie\/wp-json\/wp\/v2\/pages\/446\/revisions"}],"predecessor-version":[{"id":4221,"href":"http:\/\/chezyenorxois.fr\/mairie\/wp-json\/wp\/v2\/pages\/446\/revisions\/4221"}],"up":[{"embeddable":true,"href":"http:\/\/chezyenorxois.fr\/mairie\/wp-json\/wp\/v2\/pages\/122"}],"wp:attachment":[{"href":"http:\/\/chezyenorxois.fr\/mairie\/wp-json\/wp\/v2\/media?parent=446"}],"curies":[{"name":"wp","href":"https:\/\/api.w.org\/{rel}","templated":true}]}}