{"id":332,"date":"2011-11-28T12:06:56","date_gmt":"2011-11-28T11:06:56","guid":{"rendered":"http:\/\/chezyenorxois.fr\/mairie\/?page_id=332"},"modified":"2011-11-28T23:16:37","modified_gmt":"2011-11-28T22:16:37","slug":"histoire-geographie","status":"publish","type":"page","link":"http:\/\/chezyenorxois.fr\/mairie\/la-commune\/histoire-geographie\/","title":{"rendered":"D\u00e9mographie"},"content":{"rendered":"<h2><\/h2>\n<p>\u00c0 partir du XXI<sup>e<\/sup>\u00a0si\u00e8cle, les recensements r\u00e9els des communes de moins de 10\u00a0000 habitants ont lieu tous les cinq ans. Pour Ch\u00e9zy-en-Orxois, cela correspond \u00e0 2004, 2009, etc<sup id=\"cite_ref-1\"><a href=\"http:\/\/fr.wikipedia.org\/wiki\/Ch%C3%A9zy-en-Orxois#cite_note-1\">[2]<\/a><\/sup>. Les autres dates de \u00ab\u00a0recensements\u00a0\u00bb (2008, etc.) sont des estimations.<\/p>\n<div align=\"center\">\n<table>\n<caption><strong>\u00c9volution d\u00e9mographique de Ch\u00e9zy-en-Orxois<\/strong><\/caption>\n<tbody>\n<tr>\n<th scope=\"row\">Ann\u00e9es<\/th>\n<td><a title=\"1793\" href=\"http:\/\/fr.wikipedia.org\/wiki\/1793\">1793<\/a><\/td>\n<td><a title=\"1800\" href=\"http:\/\/fr.wikipedia.org\/wiki\/1800\">1800<\/a><\/td>\n<td><a title=\"1806\" href=\"http:\/\/fr.wikipedia.org\/wiki\/1806\">1806<\/a><\/td>\n<td><a title=\"1821\" href=\"http:\/\/fr.wikipedia.org\/wiki\/1821\">1821<\/a><\/td>\n<td><a title=\"1831\" href=\"http:\/\/fr.wikipedia.org\/wiki\/1831\">1831<\/a><\/td>\n<td><a title=\"1836\" href=\"http:\/\/fr.wikipedia.org\/wiki\/1836\">1836<\/a><\/td>\n<td><a title=\"1841\" href=\"http:\/\/fr.wikipedia.org\/wiki\/1841\">1841<\/a><\/td>\n<td><a title=\"1846\" href=\"http:\/\/fr.wikipedia.org\/wiki\/1846\">1846<\/a><\/td>\n<td><a title=\"1851\" href=\"http:\/\/fr.wikipedia.org\/wiki\/1851\">1851<\/a><\/td>\n<\/tr>\n<tr>\n<th scope=\"row\">Population<\/th>\n<td>739<\/td>\n<td>820<\/td>\n<td>771<\/td>\n<td>761<\/td>\n<td>762<\/td>\n<td>805<\/td>\n<td>792<\/td>\n<td>760<\/td>\n<td>710<\/td>\n<\/tr>\n<tr>\n<th scope=\"row\">Ann\u00e9es<\/th>\n<td><a title=\"1856\" href=\"http:\/\/fr.wikipedia.org\/wiki\/1856\">1856<\/a><\/td>\n<td><a title=\"1861\" href=\"http:\/\/fr.wikipedia.org\/wiki\/1861\">1861<\/a><\/td>\n<td><a title=\"1866\" href=\"http:\/\/fr.wikipedia.org\/wiki\/1866\">1866<\/a><\/td>\n<td><a title=\"1872\" href=\"http:\/\/fr.wikipedia.org\/wiki\/1872\">1872<\/a><\/td>\n<td><a title=\"1876\" href=\"http:\/\/fr.wikipedia.org\/wiki\/1876\">1876<\/a><\/td>\n<td><a title=\"1881\" href=\"http:\/\/fr.wikipedia.org\/wiki\/1881\">1881<\/a><\/td>\n<td><a title=\"1886\" href=\"http:\/\/fr.wikipedia.org\/wiki\/1886\">1886<\/a><\/td>\n<td><a title=\"1891\" href=\"http:\/\/fr.wikipedia.org\/wiki\/1891\">1891<\/a><\/td>\n<td><a title=\"1896\" href=\"http:\/\/fr.wikipedia.org\/wiki\/1896\">1896<\/a><\/td>\n<\/tr>\n<tr>\n<th scope=\"row\">Population<\/th>\n<td>650<\/td>\n<td>612<\/td>\n<td>592<\/td>\n<td>552<\/td>\n<td>571<\/td>\n<td>527<\/td>\n<td>539<\/td>\n<td>501<\/td>\n<td>443<\/td>\n<\/tr>\n<tr>\n<th scope=\"row\">Ann\u00e9es<\/th>\n<td><a title=\"1901\" href=\"http:\/\/fr.wikipedia.org\/wiki\/1901\">1901<\/a><\/td>\n<td><a title=\"1906\" href=\"http:\/\/fr.wikipedia.org\/wiki\/1906\">1906<\/a><\/td>\n<td><a title=\"1911\" href=\"http:\/\/fr.wikipedia.org\/wiki\/1911\">1911<\/a><\/td>\n<td><a title=\"1921\" href=\"http:\/\/fr.wikipedia.org\/wiki\/1921\">1921<\/a><\/td>\n<td><a title=\"1926\" href=\"http:\/\/fr.wikipedia.org\/wiki\/1926\">1926<\/a><\/td>\n<td><a title=\"1931\" href=\"http:\/\/fr.wikipedia.org\/wiki\/1931\">1931<\/a><\/td>\n<td><a title=\"1936\" href=\"http:\/\/fr.wikipedia.org\/wiki\/1936\">1936<\/a><\/td>\n<td><a title=\"1946\" href=\"http:\/\/fr.wikipedia.org\/wiki\/1946\">1946<\/a><\/td>\n<td><a title=\"1954\" href=\"http:\/\/fr.wikipedia.org\/wiki\/1954\">1954<\/a><\/td>\n<\/tr>\n<tr>\n<th scope=\"row\">Population<\/th>\n<td>428<\/td>\n<td>416<\/td>\n<td>394<\/td>\n<td>358<\/td>\n<td>386<\/td>\n<td>354<\/td>\n<td>383<\/td>\n<td>427<\/td>\n<td>447<\/td>\n<\/tr>\n<tr>\n<th scope=\"row\">Ann\u00e9es<\/th>\n<td><a title=\"1962\" href=\"http:\/\/fr.wikipedia.org\/wiki\/1962\">1962<\/a><\/td>\n<td><a title=\"1968\" href=\"http:\/\/fr.wikipedia.org\/wiki\/1968\">1968<\/a><\/td>\n<td><a title=\"1975\" href=\"http:\/\/fr.wikipedia.org\/wiki\/1975\">1975<\/a><\/td>\n<td><a title=\"1982\" href=\"http:\/\/fr.wikipedia.org\/wiki\/1982\">1982<\/a><\/td>\n<td><a title=\"1990\" href=\"http:\/\/fr.wikipedia.org\/wiki\/1990\">1990<\/a><\/td>\n<td><a title=\"1999\" href=\"http:\/\/fr.wikipedia.org\/wiki\/1999\">1999<\/a><\/td>\n<td><a title=\"2004\" href=\"http:\/\/fr.wikipedia.org\/wiki\/2004\">2004<\/a><\/td>\n<td><a title=\"2006\" href=\"http:\/\/fr.wikipedia.org\/wiki\/2006\">2006<\/a><\/td>\n<td><a title=\"2008\" href=\"http:\/\/fr.wikipedia.org\/wiki\/2008\">2008<\/a><\/td>\n<\/tr>\n<tr>\n<th scope=\"row\">Population<\/th>\n<td>419<\/td>\n<td>381<\/td>\n<td>297<\/td>\n<td>302<\/td>\n<td>324<\/td>\n<td>346<sup id=\"cite_ref-2\"><a href=\"http:\/\/fr.wikipedia.org\/wiki\/Ch%C3%A9zy-en-Orxois#cite_note-2\">[3]<\/a><\/sup><\/td>\n<td>367<\/td>\n<td>377<sup id=\"cite_ref-3\"><a href=\"http:\/\/fr.wikipedia.org\/wiki\/Ch%C3%A9zy-en-Orxois#cite_note-3\">[4]<\/a><\/sup><\/td>\n<td>366<sup id=\"cite_ref-4\"><a href=\"http:\/\/fr.wikipedia.org\/wiki\/Ch%C3%A9zy-en-Orxois#cite_note-4\">[5]<\/a><\/sup><\/td>\n<\/tr>\n<tr>\n<th scope=\"row\">Notes, sources, &#8230;<\/th>\n<td colspan=\"9\">A partir de <a title=\"1962\" href=\"http:\/\/fr.wikipedia.org\/wiki\/1962\">1962<\/a>\u00a0: <a title=\"Population sans doubles comptes\" href=\"http:\/\/fr.wikipedia.org\/wiki\/Population_sans_doubles_comptes\">Population sans doubles comptes<\/a>; A partir de <a title=\"2006\" href=\"http:\/\/fr.wikipedia.org\/wiki\/2006\">2006<\/a>\u00a0: <a title=\"Chiffres de population en France\" href=\"http:\/\/fr.wikipedia.org\/wiki\/Chiffres_de_population_en_France\">Population municipale<\/a>.<br \/>\nSources\u00a0: INSEE<sup id=\"cite_ref-5\"><a href=\"http:\/\/fr.wikipedia.org\/wiki\/Ch%C3%A9zy-en-Orxois#cite_note-5\">[6]<\/a><\/sup> et Cassi<\/td>\n<\/tr>\n<\/tbody>\n<\/table>\n<\/div>\n<figure id=\"attachment_350\" aria-describedby=\"caption-attachment-350\" style=\"width: 300px\" class=\"wp-caption aligncenter\"><a href=\"http:\/\/chezyenorxois.fr\/mairie\/wp-content\/uploads\/2011\/11\/Demographie.png\"><img decoding=\"async\" class=\"size-medium wp-image-350 \" title=\"Demographie\" src=\"http:\/\/chezyenorxois.fr\/mairie\/wp-content\/uploads\/2011\/11\/Demographie.png\" alt=\"\" width=\"300\" srcset=\"http:\/\/chezyenorxois.fr\/mairie\/wp-content\/uploads\/2011\/11\/Demographie.png 800w, http:\/\/chezyenorxois.fr\/mairie\/wp-content\/uploads\/2011\/11\/Demographie-300x131.png 300w, http:\/\/chezyenorxois.fr\/mairie\/wp-content\/uploads\/2011\/11\/Demographie-200x87.png 200w\" sizes=\"(max-width: 800px) 100vw, 800px\" \/><\/a><figcaption id=\"caption-attachment-350\" class=\"wp-caption-text\">Histogramme (\u00e9laboration graphique par Wikip\u00e9dia)<\/figcaption><\/figure>\n","protected":false},"excerpt":{"rendered":"<p>\u00c0 partir du XXIe\u00a0si\u00e8cle, les recensements r\u00e9els des communes de moins de 10\u00a0000 habitants ont lieu tous les cinq ans. Pour Ch\u00e9zy-en-Orxois, cela correspond \u00e0 2004, 2009, etc[2]. Les autres dates de \u00ab\u00a0recensements\u00a0\u00bb (2008, etc.) sont des estimations. \u00c9volution d\u00e9mographique <a class=\"more-link\" href=\"http:\/\/chezyenorxois.fr\/mairie\/la-commune\/histoire-geographie\/\">Continuer la lecture <span class=\"screen-reader-text\">  D\u00e9mographie<\/span><span class=\"meta-nav\">&rarr;<\/span><\/a><\/p>\n","protected":false},"author":1,"featured_media":0,"parent":119,"menu_order":1,"comment_status":"closed","ping_status":"closed","template":"","meta":{"footnotes":""},"class_list":["post-332","page","type-page","status-publish","hentry"],"_links":{"self":[{"href":"http:\/\/chezyenorxois.fr\/mairie\/wp-json\/wp\/v2\/pages\/332","targetHints":{"allow":["GET"]}}],"collection":[{"href":"http:\/\/chezyenorxois.fr\/mairie\/wp-json\/wp\/v2\/pages"}],"about":[{"href":"http:\/\/chezyenorxois.fr\/mairie\/wp-json\/wp\/v2\/types\/page"}],"author":[{"embeddable":true,"href":"http:\/\/chezyenorxois.fr\/mairie\/wp-json\/wp\/v2\/users\/1"}],"replies":[{"embeddable":true,"href":"http:\/\/chezyenorxois.fr\/mairie\/wp-json\/wp\/v2\/comments?post=332"}],"version-history":[{"count":8,"href":"http:\/\/chezyenorxois.fr\/mairie\/wp-json\/wp\/v2\/pages\/332\/revisions"}],"predecessor-version":[{"id":345,"href":"http:\/\/chezyenorxois.fr\/mairie\/wp-json\/wp\/v2\/pages\/332\/revisions\/345"}],"up":[{"embeddable":true,"href":"http:\/\/chezyenorxois.fr\/mairie\/wp-json\/wp\/v2\/pages\/119"}],"wp:attachment":[{"href":"http:\/\/chezyenorxois.fr\/mairie\/wp-json\/wp\/v2\/media?parent=332"}],"curies":[{"name":"wp","href":"https:\/\/api.w.org\/{rel}","templated":true}]}}