{"id":167,"date":"2011-10-20T19:41:48","date_gmt":"2011-10-20T17:41:48","guid":{"rendered":"http:\/\/chezyenorxois.fr\/mairie\/?page_id=167"},"modified":"2023-12-15T17:04:21","modified_gmt":"2023-12-15T16:04:21","slug":"lire-en-orxois","status":"publish","type":"page","link":"http:\/\/chezyenorxois.fr\/mairie\/la-vie-des-cahouzats\/lire-en-orxois\/","title":{"rendered":"Lire-en-Orxois"},"content":{"rendered":"<p>L&rsquo; horaire d&rsquo;ouverture de la biblioth\u00e8que est :<\/p>\n<ul>\n<li>Le samedi de 11 h \u00e0 12 h.<\/li>\n<\/ul>\n\n\n<figure class=\"wp-block-image\"><img loading=\"lazy\" decoding=\"async\" width=\"1024\" height=\"768\" src=\"http:\/\/chezyenorxois.fr\/mairie\/wp-content\/uploads\/2023\/12\/20231215_141336-1-1024x768.jpg\" alt=\"\" class=\"wp-image-4355\" srcset=\"http:\/\/chezyenorxois.fr\/mairie\/wp-content\/uploads\/2023\/12\/20231215_141336-1-1024x768.jpg 1024w, http:\/\/chezyenorxois.fr\/mairie\/wp-content\/uploads\/2023\/12\/20231215_141336-1-150x113.jpg 150w, http:\/\/chezyenorxois.fr\/mairie\/wp-content\/uploads\/2023\/12\/20231215_141336-1-300x225.jpg 300w, http:\/\/chezyenorxois.fr\/mairie\/wp-content\/uploads\/2023\/12\/20231215_141336-1-768x576.jpg 768w\" sizes=\"auto, (max-width: 1024px) 100vw, 1024px\" \/><figcaption><strong> Aujourd&rsquo;hui, les \u00e9l\u00e8ves de CE1 ont re\u00e7u une visite sp\u00e9ciale \u00e0 l&rsquo;\u00e9cole du Pr\u00e9sident du Syndicat des \u00e9coles regroup\u00e9es (CHEZY-EN-ORXOIS\/DAMMARD\/MONNES), des maires des communes de CHEZY EN ORXOIS et DAMMRD, ainsi que les b\u00e9n\u00e9voles de la biblioth\u00e8que.  En effet, c&rsquo;\u00e9tait le jour de la remise des dictionnaires, offert par le Syndicat des \u00e9coles sur les conseils avis\u00e9s de l&rsquo;association de LIRE EN ORXOIS! Les enfants \u00e9taient tr\u00e8s excit\u00e9s de recevoir leur tout premier dictionnaire. Cet outil pr\u00e9cieux leur permettra d&rsquo;enrichir  leur vocabulaire et de mieux comprendre les mots qu&rsquo;ils rencontrent dans leurs lectures. C&rsquo;\u00e9tait un moment important pour ces jeunes apprenants,  et nous sommes ravis de les voir si motiv\u00e9s  \u00e0 explorer le monde des mots. Nous sommes s\u00fbrs que ces dictionnaires seront de pr\u00e9cieux compagnons tout au long de leur parcours scolaire. <\/strong><br>                                                                                                                                 <strong>15\/12\/2023<\/strong><\/figcaption><\/figure>\n","protected":false},"excerpt":{"rendered":"<p>L&rsquo; horaire d&rsquo;ouverture de la biblioth\u00e8que est : Le samedi de 11 h \u00e0 12 h.<\/p>\n","protected":false},"author":1,"featured_media":0,"parent":41,"menu_order":1,"comment_status":"closed","ping_status":"closed","template":"","meta":{"footnotes":""},"class_list":["post-167","page","type-page","status-publish","hentry"],"_links":{"self":[{"href":"http:\/\/chezyenorxois.fr\/mairie\/wp-json\/wp\/v2\/pages\/167","targetHints":{"allow":["GET"]}}],"collection":[{"href":"http:\/\/chezyenorxois.fr\/mairie\/wp-json\/wp\/v2\/pages"}],"about":[{"href":"http:\/\/chezyenorxois.fr\/mairie\/wp-json\/wp\/v2\/types\/page"}],"author":[{"embeddable":true,"href":"http:\/\/chezyenorxois.fr\/mairie\/wp-json\/wp\/v2\/users\/1"}],"replies":[{"embeddable":true,"href":"http:\/\/chezyenorxois.fr\/mairie\/wp-json\/wp\/v2\/comments?post=167"}],"version-history":[{"count":3,"href":"http:\/\/chezyenorxois.fr\/mairie\/wp-json\/wp\/v2\/pages\/167\/revisions"}],"predecessor-version":[{"id":4356,"href":"http:\/\/chezyenorxois.fr\/mairie\/wp-json\/wp\/v2\/pages\/167\/revisions\/4356"}],"up":[{"embeddable":true,"href":"http:\/\/chezyenorxois.fr\/mairie\/wp-json\/wp\/v2\/pages\/41"}],"wp:attachment":[{"href":"http:\/\/chezyenorxois.fr\/mairie\/wp-json\/wp\/v2\/media?parent=167"}],"curies":[{"name":"wp","href":"https:\/\/api.w.org\/{rel}","templated":true}]}}