{"id":125,"date":"2011-10-20T14:38:39","date_gmt":"2011-10-20T12:38:39","guid":{"rendered":"http:\/\/chezyenorxois.fr\/mairie\/?page_id=125"},"modified":"2023-05-23T14:06:18","modified_gmt":"2023-05-23T12:06:18","slug":"lecole","status":"publish","type":"page","link":"http:\/\/chezyenorxois.fr\/mairie\/lecole\/","title":{"rendered":"L&rsquo;\u00e9cole"},"content":{"rendered":"<h1><span style=\"color: #993366;\">Regroupement scolaire :<\/span><\/h1>\n<p>Le village s&rsquo;est regroup\u00e9 avec Dammard et Monnes au sein d&rsquo;un syndicat intercommunal.<\/p>\n<p style=\"text-align: left;\">Le ramassage scolaire est pris en charge par le Conseil G\u00e9n\u00e9ral de l&rsquo;Aisne et est gratuit pour les familles.<br \/>\n<a href=\"http:\/\/chezyenorxois.fr\/mairie\/wp-content\/uploads\/2023\/05\/horaires-bus-1.pdf\">Horaires des diff\u00e9rents cars pour les \u00e9coles, les coll\u00e8ges et les lyc\u00e9es, cliquer !<\/a><\/p>\n<p>Restauration scolaire : Les parents qui s&rsquo;inscrivent fournissent un panier repas \u00e0 chaque enfant. Ces repas sont r\u00e9chauff\u00e9s et servis dans la salle \u00e0 manger situ\u00e9e \u00e0 Dammard, les enfants scolaris\u00e9s \u00e0 Ch\u00e9zy et Monnes s&rsquo;y rendent gr\u00e2ce au car de ramassage scolaire.<\/p>\n<p>Le P\u00e9riscolaire : D\u00e8s 07h30, les enfants sont accueilli \u00e0 Dammard. Le soir jusqu&rsquo;\u00e0 19h00 \u00e0 l&rsquo;\u00e9cole de Ch\u00e9zy.<\/p>\n<h1><span style=\"color: #993366;\">Pr\u00e9sentation des locaux :<\/span><\/h1>\n<p>L&rsquo;\u00e9cole dispose de 2 classes, une CE1-CE2 et une autre CM1-CM2 .<\/p>\n<h1><span style=\"color: #993366;\">Informations administratives :<\/span><\/h1>\n<p>Pour inscrire un enfant \u00e0 l&rsquo;\u00e9cole maternelle ou primaire, il convient de passer \u00e0 la Mairie. Un certificat de r\u00e9sidence vous sera d\u00e9livr\u00e9.<br \/>\nLes inscriptions pour le coll\u00e8ge ou le lyc\u00e9e se font directement aupr\u00e8s de l&rsquo;\u00e9tablissement.<\/p>\n<h1><span style=\"color: #993366;\">Organisation p\u00e9dagogique, projet d&rsquo;\u00e9cole :<\/span><\/h1>\n<p>Le Conseil d&rsquo;\u00e9coles, le Conseil d&rsquo;\u00e9tablissement pour les coll\u00e8ges et lyc\u00e9es, se r\u00e9unit 3 fois par an et est consult\u00e9 pour la mise en place des projets. C&rsquo;est l&rsquo;instance institutionnelle qui regroupe les enseignants, les repr\u00e9sentants des parents, \u00e9lus en d\u00e9but d&rsquo;ann\u00e9e scolaire, et les repr\u00e9sentants des municipalit\u00e9s. Prenez contact avec les enseignants ou les parents \u00e9lus pour tout renseignement.<\/p>\n","protected":false},"excerpt":{"rendered":"<p>Regroupement scolaire : Le village s&rsquo;est regroup\u00e9 avec Dammard et Monnes au sein d&rsquo;un syndicat intercommunal. Le ramassage scolaire est pris en charge par le Conseil G\u00e9n\u00e9ral de l&rsquo;Aisne et est gratuit pour les familles. Horaires des diff\u00e9rents cars pour <a class=\"more-link\" href=\"http:\/\/chezyenorxois.fr\/mairie\/lecole\/\">Continuer la lecture <span class=\"screen-reader-text\">  L&rsquo;\u00e9cole<\/span><span class=\"meta-nav\">&rarr;<\/span><\/a><\/p>\n","protected":false},"author":1,"featured_media":0,"parent":0,"menu_order":0,"comment_status":"closed","ping_status":"closed","template":"","meta":{"footnotes":""},"class_list":["post-125","page","type-page","status-publish","hentry"],"_links":{"self":[{"href":"http:\/\/chezyenorxois.fr\/mairie\/wp-json\/wp\/v2\/pages\/125","targetHints":{"allow":["GET"]}}],"collection":[{"href":"http:\/\/chezyenorxois.fr\/mairie\/wp-json\/wp\/v2\/pages"}],"about":[{"href":"http:\/\/chezyenorxois.fr\/mairie\/wp-json\/wp\/v2\/types\/page"}],"author":[{"embeddable":true,"href":"http:\/\/chezyenorxois.fr\/mairie\/wp-json\/wp\/v2\/users\/1"}],"replies":[{"embeddable":true,"href":"http:\/\/chezyenorxois.fr\/mairie\/wp-json\/wp\/v2\/comments?post=125"}],"version-history":[{"count":12,"href":"http:\/\/chezyenorxois.fr\/mairie\/wp-json\/wp\/v2\/pages\/125\/revisions"}],"predecessor-version":[{"id":4121,"href":"http:\/\/chezyenorxois.fr\/mairie\/wp-json\/wp\/v2\/pages\/125\/revisions\/4121"}],"wp:attachment":[{"href":"http:\/\/chezyenorxois.fr\/mairie\/wp-json\/wp\/v2\/media?parent=125"}],"curies":[{"name":"wp","href":"https:\/\/api.w.org\/{rel}","templated":true}]}}