{"id":122,"date":"2011-10-20T14:37:01","date_gmt":"2011-10-20T12:37:01","guid":{"rendered":"http:\/\/chezyenorxois.fr\/mairie\/?page_id=122"},"modified":"2026-03-26T15:17:25","modified_gmt":"2026-03-26T14:17:25","slug":"la-mairie","status":"publish","type":"page","link":"http:\/\/chezyenorxois.fr\/mairie\/la-mairie\/","title":{"rendered":"La mairie"},"content":{"rendered":"<h1><a href=\"http:\/\/chezyenorxois.fr\/mairie\/wp-content\/uploads\/2023\/05\/IMG-20220207-WA0004.jpg\"><img loading=\"lazy\" decoding=\"async\" class=\"aligncenter size-full wp-image-4132\" src=\"http:\/\/chezyenorxois.fr\/mairie\/wp-content\/uploads\/2023\/05\/IMG-20220207-WA0004.jpg\" alt=\"\" width=\"1600\" height=\"1200\" srcset=\"http:\/\/chezyenorxois.fr\/mairie\/wp-content\/uploads\/2023\/05\/IMG-20220207-WA0004.jpg 1600w, http:\/\/chezyenorxois.fr\/mairie\/wp-content\/uploads\/2023\/05\/IMG-20220207-WA0004-150x113.jpg 150w, http:\/\/chezyenorxois.fr\/mairie\/wp-content\/uploads\/2023\/05\/IMG-20220207-WA0004-300x225.jpg 300w, http:\/\/chezyenorxois.fr\/mairie\/wp-content\/uploads\/2023\/05\/IMG-20220207-WA0004-768x576.jpg 768w, http:\/\/chezyenorxois.fr\/mairie\/wp-content\/uploads\/2023\/05\/IMG-20220207-WA0004-1024x768.jpg 1024w\" sizes=\"auto, (max-width: 1600px) 100vw, 1600px\" \/><\/a><\/h1>\n<h1><span style=\"color: #993366;\">Pour tout contact :\u00a0<\/span><\/h1>\n<table style=\"height: 286px;\" width=\"534\" cellspacing=\"0\" cellpadding=\"4\"><colgroup> <col width=\"100\" \/> <col width=\"100\" \/><\/colgroup>\n<tbody>\n<tr valign=\"TOP\">\n<td style=\"text-align: center;\" width=\"183\">\n<p><span style=\"color: #800000;\">Mairie de Ch\u00e9zy-en-Orxois<\/span><br \/>10, place de l\u2019\u00e9glise<br \/>02810 CHEZY EN ORXOIS<br \/>T\u00e9l\/fax : 03 23 71 41 20<\/p>\n<p>Mail : mairie@chezyenorxois.fr<\/p>\n<\/td>\n<td width=\"150\">\n<p style=\"text-align: center;\"><span style=\"color: #800000;\">Horaires d&rsquo;ouverture :<br \/><\/span><\/p>\n<p>Lundi: 13h -18h00<\/p>\n<p>Mardi: 9h -12h \u00a0&#8211; 13h- 17h30<\/p>\n<p>Jeudi: 13h &#8211; 18h30<\/p>\n<p>Vendredi: 14h &#8211; 17h<\/p>\n<p><span style=\"color: #993300;\"><strong>PERMANENCE DES ELUS<\/strong><\/span><\/p>\n<p>Jeudi 16h30 &#8211; 18h30<\/p>\n<\/td>\n<\/tr>\n<\/tbody>\n<\/table>\n<h1><span style=\"color: #993366;\">Le Conseil municipal :<\/span><\/h1>\n<p><strong><span style=\"color: #993300;\">COMPOSITION DU CONSEIL :<br \/>Le maire : <\/span><\/strong>Mme BARBIER Maryvonne.<br \/><span style=\"color: #993300;\"><strong>Les adjoints : <\/strong><span style=\"color: #000000;\">\u00a0Mme HOUOT Marie-Laure, Mr CARON Gilles.<\/span><\/span><br \/><span style=\"color: #993300;\"><strong><span style=\"color: #993300;\">Les Conseillers : <\/span><\/strong><span style=\"color: #993300;\"><span style=\"color: #000000;\"> Mme POTEL Fran\u00e7oise<\/span><\/span><strong><span style=\"color: #993300;\"><span style=\"color: #000000;\">, <\/span><\/span><\/strong><span style=\"color: #993300;\"><span style=\"color: #000000;\">Mme FERNANDES Brigitte, <\/span><\/span><span style=\"color: #000000;\">Mr THIROUIN C\u00e9dric, Mr VAN BELLEGHEM Fabien,\u00a0 Mr POURTOUT Gr\u00e9gory, Mme LE GUELLEC Gwenaelle, LANDY PADIE Jessica,\u00a0 Mr WADDINGTON Florian.<\/span><\/span><\/p>\n<p style=\"text-align: center;\"><a title=\"Compte-rendus du Conseil \u2013 Archives\" href=\"http:\/\/chezyenorxois.fr\/mairie\/?page_id=508\">Ce lien donne acc\u00e8s aux archives des compte-rendus dont la date est ant\u00e9rieure \u00e0 la cr\u00e9ation du site, c&rsquo;est-\u00e0 dire avant fin 2011.<\/a><\/p>\n<h1><span style=\"color: #993366;\">Les commissions de travail :<\/span><\/h1>\n<ul>\n<li><span style=\"text-decoration: underline; color: #993300;\"><strong><span style=\"text-decoration: underline;\"><a title=\"Commission assainissement\" href=\"http:\/\/chezyenorxois.fr\/mairie\/la-mairie\/les-commissions-de-travail\/commission-assainissement\/\"><span style=\"color: #993300; text-decoration: underline;\">ASSAINISSEMENT<\/span><\/a><br \/><\/span><\/strong><\/span><\/li>\n<li><span style=\"text-decoration: underline;\"><strong><span style=\"color: #993300; text-decoration: underline;\">URBANISME-VOIRIE<\/span><\/strong><\/span><\/li>\n<li><span style=\"text-decoration: underline;\"><strong><span style=\"color: #993300; text-decoration: underline;\">BOIS-CHASSE-ENVIRONNEMENT<br \/><\/span><\/strong><\/span><\/li>\n<li><span style=\"text-decoration: underline;\"><span style=\"color: #993300; text-decoration: underline;\"><strong>VIE SCOLAIRE-ENFANCE-JEUNESSE-SPORTS<\/strong><\/span><\/span><\/li>\n<li><span style=\"text-decoration: underline;\"><strong><span style=\"color: #993300; text-decoration: underline;\"> SER<\/span><\/strong><\/span> <span style=\"color: #993300;\">(Syndicat des \u00c9coles Regroup\u00e9es)<\/span><span style=\"color: #993300;\">, Ch\u00e9zy- Dammard &#8211; Monnes<\/span>.<\/li>\n<li><strong><span style=\"text-decoration: underline;\"><span style=\"color: #993300; text-decoration: underline;\"> USEDA<\/span><\/span><\/strong> <span style=\"color: #993300;\">(Union des Secteurs d\u2019\u00c9nergie du D\u00e9partement de l\u2019Aisne)<\/span><\/li>\n<li><span style=\"text-decoration: underline;\"><span style=\"color: #993300; text-decoration: underline;\"><strong> USESA<\/strong><\/span><\/span> <span style=\"color: #993300;\">(Union des Syndicats des Eaux du Sud de l\u2019Aisne)<\/span><\/li>\n<li><strong><span style=\"text-decoration: underline; color: #993300;\">SYNDICAT POUR LA GESTION DU BASSIN OURCQ<\/span><\/strong><\/li>\n<li><span style=\"color: #993300;\"><strong><span style=\"text-decoration: underline;\">REPR\u00c9SENTANT DE LA D\u00c9FENSE<\/span><\/strong><\/span><\/li>\n<li><span style=\"text-decoration: underline;\"><strong><span style=\"color: #993300; text-decoration: underline;\">INFORMATION-COMMUNICATION<\/span><\/strong><\/span><\/li>\n<\/ul>\n<p style=\"text-align: center;\"><a title=\"Les commissions de travail\" href=\"http:\/\/chezyenorxois.fr\/mairie\/?page_id=446\">Pour en savoir plus, suivre ce lien.<\/a><\/p>\n<h1><span style=\"color: #993366;\">Les services municipaux :<\/span><\/h1>\n<p><strong><span style=\"color: #993300;\"><span style=\"text-decoration: underline;\">LE SECR\u00c9TARIAT<\/span> :\u00a0 <span style=\"color: #000000;\">Mme Elodie BEAUGIER<\/span><br \/><\/span><\/strong><span style=\"color: #993300;\"><span style=\"color: #333333;\"><br \/><\/span><strong><span style=\"text-decoration: underline;\"><span style=\"text-decoration: underline;\">LE C.C.A.S<\/span><\/span><\/strong>.<\/span> <span style=\"color: #993300;\">( Centre Communal Action Sociale)<\/span><br \/>Composition : Mme BARBIER Maryvonne, maire, Mme HOUOT Marie-Laure, Brigitte FERNANDEZ, Mme POTEL Fran\u00e7oise, Mme TORRADO Isabelle, DA SILVA Edith, Mr VAN BELLEGHEM Fabien, Mme GERMAINE Marie-Claire, Mme FARRUGIA La\u00ebtitia.<\/p>\n<h1><span style=\"color: #993366;\">Les projets en cours de r\u00e9alisation :<\/span><\/h1>\n\n\n<p><\/p>\n","protected":false},"excerpt":{"rendered":"<p>Pour tout contact :\u00a0 Mairie de Ch\u00e9zy-en-Orxois10, place de l\u2019\u00e9glise02810 CHEZY EN ORXOIST\u00e9l\/fax : 03 23 71 41 20 Mail : mairie@chezyenorxois.fr Horaires d&rsquo;ouverture : Lundi: 13h -18h00 Mardi: 9h -12h \u00a0&#8211; 13h- 17h30 Jeudi: 13h &#8211; 18h30 Vendredi: 14h <a class=\"more-link\" href=\"http:\/\/chezyenorxois.fr\/mairie\/la-mairie\/\">Continuer la lecture <span class=\"screen-reader-text\">  La mairie<\/span><span class=\"meta-nav\">&rarr;<\/span><\/a><\/p>\n","protected":false},"author":1,"featured_media":0,"parent":0,"menu_order":0,"comment_status":"closed","ping_status":"closed","template":"","meta":{"footnotes":""},"class_list":["post-122","page","type-page","status-publish","hentry"],"_links":{"self":[{"href":"http:\/\/chezyenorxois.fr\/mairie\/wp-json\/wp\/v2\/pages\/122","targetHints":{"allow":["GET"]}}],"collection":[{"href":"http:\/\/chezyenorxois.fr\/mairie\/wp-json\/wp\/v2\/pages"}],"about":[{"href":"http:\/\/chezyenorxois.fr\/mairie\/wp-json\/wp\/v2\/types\/page"}],"author":[{"embeddable":true,"href":"http:\/\/chezyenorxois.fr\/mairie\/wp-json\/wp\/v2\/users\/1"}],"replies":[{"embeddable":true,"href":"http:\/\/chezyenorxois.fr\/mairie\/wp-json\/wp\/v2\/comments?post=122"}],"version-history":[{"count":57,"href":"http:\/\/chezyenorxois.fr\/mairie\/wp-json\/wp\/v2\/pages\/122\/revisions"}],"predecessor-version":[{"id":4493,"href":"http:\/\/chezyenorxois.fr\/mairie\/wp-json\/wp\/v2\/pages\/122\/revisions\/4493"}],"wp:attachment":[{"href":"http:\/\/chezyenorxois.fr\/mairie\/wp-json\/wp\/v2\/media?parent=122"}],"curies":[{"name":"wp","href":"https:\/\/api.w.org\/{rel}","templated":true}]}}