{"id":119,"date":"2011-10-20T14:34:39","date_gmt":"2011-10-20T12:34:39","guid":{"rendered":"http:\/\/chezyenorxois.fr\/mairie\/?page_id=119"},"modified":"2011-11-28T22:27:55","modified_gmt":"2011-11-28T21:27:55","slug":"la-commune","status":"publish","type":"page","link":"http:\/\/chezyenorxois.fr\/mairie\/la-commune\/","title":{"rendered":"La commune"},"content":{"rendered":"<h1><span style=\"color: #993366;\">Situation g\u00e9ographique :<\/span><\/h1>\n<table border=\"0\" cellspacing=\"0\" cellpadding=\"0\">\n<tbody>\n<tr>\n<td>r\u00e9gion<\/td>\n<td>Picardie<\/td>\n<\/tr>\n<tr>\n<td>d\u00e9partement<\/td>\n<td>Aisne<\/td>\n<\/tr>\n<tr>\n<td>arrondissement<\/td>\n<td>Ch\u00e2teau-Thierry<\/td>\n<\/tr>\n<tr>\n<td>canton<\/td>\n<td>Neuilly-Saint-Front<\/td>\n<\/tr>\n<\/tbody>\n<\/table>\n<p><img decoding=\"async\" src=\"http:\/\/maps.google.com\/maps\/api\/staticmap?center=46.2276%2C2.21375&amp;zoom=4&amp;size=200x200&amp;maptype=terrain&amp;sensor=false&amp;language=fr&amp;markers=size:tiny%7C49.1242%2C3.18167\" alt=\"Localisation de Ch\u00e9zy-en-Orxois\" \/><\/p>\n<p>Ch\u00e9zy-en-Orxois est un petit village fran\u00e7ais, situ\u00e9 dans le d\u00e9partement de l&rsquo;Aisne et la r\u00e9gion de Picardie. Ses habitants sont appel\u00e9s les Cahouzats. Ch\u00e9zy-en-Orxois fait partie de la communaut\u00e9 de communes de l&rsquo;Ourcq et du Clignon : CCOC. Entour\u00e9 par les communes de Dammard, Saint-Gengoulph et Brumetz, Ch\u00e9zy-en-Orxois est situ\u00e9 \u00e0 18 km au Nord-Ouest de Ch\u00e2teau-Thierry la plus grande ville des environs. Situ\u00e9 \u00e0 130 m\u00e8tres d&rsquo;altitude, le village de Ch\u00e9zy-en-Orxois a pour coordonn\u00e9es g\u00e9ographiques Latitude : 49\u00b0 7&prime; 27\u00a0\u00bb Nord<br \/>\nLongitude : 3\u00b0 10&prime; 54\u00a0\u00bb Est.<\/p>\n<h1><span style=\"color: #993366;\">Son histoire :<\/span><\/h1>\n<ol>\n<li><span style=\"color: #993366;\">Situation d\u00e9mographique :<\/span> la commune compte aujourd&rsquo;hui 372 habitants. <a title=\"Histoire, G\u00e9ographie\" href=\"http:\/\/chezyenorxois.fr\/mairie\/?page_id=332\">Pour plus de d\u00e9tails.<\/a><\/li>\n<li><span style=\"color: #993366;\">Son origine :<\/span> il nous reste tr\u00e8s peu de traces sur cette origine&#8230;<\/li>\n<li><span style=\"color: #993366;\">Le Moyen-\u00c2ge : <\/span>les vestiges ne manquent pas, la Compagnie d&rsquo;Arc de Ch\u00e9zy, alors Confr\u00e9rie, trouve son origine \u00e0 cette \u00e9poque&#8230;<\/li>\n<li><span style=\"color: #993366;\">La grande Guerre :<span style=\"color: #000000;\"> ses ravages restent incrust\u00e9s dans les murs et les portes des maisons les plus anciennes.<\/span><br \/>\n<\/span><\/li>\n<\/ol>\n<h1><span style=\"color: #993366;\">Autres particularit\u00e9s :<\/span><\/h1>\n<ul>\n<li>Son \u00e9glise du XV\u00e8me si\u00e8cle class\u00e9e aux monuments historiques.<\/li>\n<li>Son Pas de tir \u00e0 l&rsquo;arc \u00e9galement tr\u00e8s ancien.<\/li>\n<li>Son bois qui s&rsquo;\u00e9tend sur une centaine d&rsquo;hectares.<\/li>\n<li>Le \u00ab\u00a0Ru\u00a0\u00bb qui traverse le village est aliment\u00e9 par de nombreuses sources situ\u00e9es sur le domaine communal.<\/li>\n<\/ul>\n","protected":false},"excerpt":{"rendered":"<p>Situation g\u00e9ographique : r\u00e9gion Picardie d\u00e9partement Aisne arrondissement Ch\u00e2teau-Thierry canton Neuilly-Saint-Front Ch\u00e9zy-en-Orxois est un petit village fran\u00e7ais, situ\u00e9 dans le d\u00e9partement de l&rsquo;Aisne et la r\u00e9gion de Picardie. Ses habitants sont appel\u00e9s les Cahouzats. Ch\u00e9zy-en-Orxois fait partie de la communaut\u00e9 <a class=\"more-link\" href=\"http:\/\/chezyenorxois.fr\/mairie\/la-commune\/\">Continuer la lecture <span class=\"screen-reader-text\">  La commune<\/span><span class=\"meta-nav\">&rarr;<\/span><\/a><\/p>\n","protected":false},"author":1,"featured_media":0,"parent":0,"menu_order":0,"comment_status":"closed","ping_status":"closed","template":"","meta":{"footnotes":""},"class_list":["post-119","page","type-page","status-publish","hentry"],"_links":{"self":[{"href":"http:\/\/chezyenorxois.fr\/mairie\/wp-json\/wp\/v2\/pages\/119","targetHints":{"allow":["GET"]}}],"collection":[{"href":"http:\/\/chezyenorxois.fr\/mairie\/wp-json\/wp\/v2\/pages"}],"about":[{"href":"http:\/\/chezyenorxois.fr\/mairie\/wp-json\/wp\/v2\/types\/page"}],"author":[{"embeddable":true,"href":"http:\/\/chezyenorxois.fr\/mairie\/wp-json\/wp\/v2\/users\/1"}],"replies":[{"embeddable":true,"href":"http:\/\/chezyenorxois.fr\/mairie\/wp-json\/wp\/v2\/comments?post=119"}],"version-history":[{"count":14,"href":"http:\/\/chezyenorxois.fr\/mairie\/wp-json\/wp\/v2\/pages\/119\/revisions"}],"predecessor-version":[{"id":379,"href":"http:\/\/chezyenorxois.fr\/mairie\/wp-json\/wp\/v2\/pages\/119\/revisions\/379"}],"wp:attachment":[{"href":"http:\/\/chezyenorxois.fr\/mairie\/wp-json\/wp\/v2\/media?parent=119"}],"curies":[{"name":"wp","href":"https:\/\/api.w.org\/{rel}","templated":true}]}}